{"id":51,"date":"2022-07-11T22:07:16","date_gmt":"2022-07-11T20:07:16","guid":{"rendered":"http:\/\/lukawci.cluster031.hosting.ovh.net\/?page_id=51"},"modified":"2022-08-02T23:17:41","modified_gmt":"2022-08-02T21:17:41","slug":"ecoles-de-sport","status":"publish","type":"page","link":"http:\/\/cdv69.fr\/index.php\/ecoles-de-sport\/","title":{"rendered":"\u00c9coles de sport"},"content":{"rendered":"<p><img loading=\"lazy\" decoding=\"async\" class=\"alignnone wp-image-83\" src=\"http:\/\/lukawci.cluster031.hosting.ovh.net\/wp-content\/uploads\/2022\/07\/Regate-Ligue-HandiVoile-_-GrandLyon-Metropole-151-300x200.jpg\" alt=\"\" width=\"390\" height=\"260\" srcset=\"http:\/\/cdv69.fr\/wp-content\/uploads\/2022\/07\/Regate-Ligue-HandiVoile-_-GrandLyon-Metropole-151-300x200.jpg 300w, http:\/\/cdv69.fr\/wp-content\/uploads\/2022\/07\/Regate-Ligue-HandiVoile-_-GrandLyon-Metropole-151-1024x682.jpg 1024w, http:\/\/cdv69.fr\/wp-content\/uploads\/2022\/07\/Regate-Ligue-HandiVoile-_-GrandLyon-Metropole-151-768x512.jpg 768w, http:\/\/cdv69.fr\/wp-content\/uploads\/2022\/07\/Regate-Ligue-HandiVoile-_-GrandLyon-Metropole-151.jpg 1199w\" sizes=\"auto, (max-width: 390px) 100vw, 390px\" \/> \u00a0 \u00a0 \u00a0 \u00a0 \u00a0 \u00a0 \u00a0\u00a0 <img loading=\"lazy\" decoding=\"async\" class=\"alignnone wp-image-86\" src=\"http:\/\/lukawci.cluster031.hosting.ovh.net\/wp-content\/uploads\/2022\/07\/P1200467-300x225.jpg\" alt=\"\" width=\"344\" height=\"258\" srcset=\"http:\/\/cdv69.fr\/wp-content\/uploads\/2022\/07\/P1200467-300x225.jpg 300w, http:\/\/cdv69.fr\/wp-content\/uploads\/2022\/07\/P1200467-1024x768.jpg 1024w, http:\/\/cdv69.fr\/wp-content\/uploads\/2022\/07\/P1200467-768x576.jpg 768w, http:\/\/cdv69.fr\/wp-content\/uploads\/2022\/07\/P1200467-1536x1152.jpg 1536w, http:\/\/cdv69.fr\/wp-content\/uploads\/2022\/07\/P1200467-2048x1536.jpg 2048w, http:\/\/cdv69.fr\/wp-content\/uploads\/2022\/07\/P1200467-2000x1500.jpg 2000w\" sizes=\"auto, (max-width: 344px) 100vw, 344px\" \/> \u00a0\u00a0\u00a0\u00a0\u00a0\u00a0\u00a0\u00a0\u00a0\u00a0\u00a0\u00a0\u00a0\u00a0\u00a0 <img loading=\"lazy\" decoding=\"async\" class=\"alignnone wp-image-89\" src=\"http:\/\/lukawci.cluster031.hosting.ovh.net\/wp-content\/uploads\/2022\/07\/86187260_1352291831640443_3882568268564660224_n-300x225.jpg\" alt=\"\" width=\"344\" height=\"258\" srcset=\"http:\/\/cdv69.fr\/wp-content\/uploads\/2022\/07\/86187260_1352291831640443_3882568268564660224_n-300x225.jpg 300w, http:\/\/cdv69.fr\/wp-content\/uploads\/2022\/07\/86187260_1352291831640443_3882568268564660224_n-1024x768.jpg 1024w, http:\/\/cdv69.fr\/wp-content\/uploads\/2022\/07\/86187260_1352291831640443_3882568268564660224_n-768x576.jpg 768w, http:\/\/cdv69.fr\/wp-content\/uploads\/2022\/07\/86187260_1352291831640443_3882568268564660224_n-1536x1152.jpg 1536w, http:\/\/cdv69.fr\/wp-content\/uploads\/2022\/07\/86187260_1352291831640443_3882568268564660224_n.jpg 2000w\" sizes=\"auto, (max-width: 344px) 100vw, 344px\" \/><\/p>\n<p>&nbsp;<\/p>\n<p><span style=\"color: #3366ff;\">Quatre clubs du CDV69\u00a0 poss\u00e8dent des \u00e9coles de sport:<\/span><\/p>\n<h4><\/h4>\n<p><strong>Cercle Yachting Voile Grand Large :<\/strong><br \/>\nUne \u00e9quipe de Sport navigant en Europe<br \/>\nUne \u00e9quipe de sport handi-valide<\/p>\n<p>&nbsp;<\/p>\n<p><strong>Windfoil Windsurf Meyzieu :<\/strong><br \/>\nTrois \u00e9quipes de planchistes de la bic 293 pour les premiers niveaux au Windfoil pour les \u00e9quipes rel\u00e8ve et Elite<\/p>\n<p>&nbsp;<\/p>\n<p><strong>Cercle Voile Lyon Meyzieu:<\/strong><br \/>\nUne \u00e9quipe de sport d\u00e9riveurs, optimist, ILCA, Open Bic et RS F\u00e9va<\/p>\n<p>&nbsp;<\/p>\n<p><strong>Yacht Club Rh\u00f4ne:<\/strong><br \/>\nUne \u00e9quipe en d\u00e9riveur RS F\u00e9va<\/p>\n<p>&nbsp;<\/p>\n","protected":false},"excerpt":{"rendered":"<p>\u00a0 \u00a0 \u00a0 \u00a0 \u00a0 \u00a0 \u00a0\u00a0 \u00a0\u00a0\u00a0\u00a0\u00a0\u00a0\u00a0\u00a0\u00a0\u00a0\u00a0\u00a0\u00a0\u00a0\u00a0 &nbsp; Quatre clubs du CDV69\u00a0 poss\u00e8dent des \u00e9coles de sport: Cercle Yachting Voile Grand Large : Une \u00e9quipe de Sport navigant en Europe Une \u00e9quipe de sport handi-valide &nbsp; Windfoil Windsurf Meyzieu : Trois \u00e9quipes de planchistes de la bic 293 pour les premiers niveaux au Windfoil &hellip; <\/p>\n<p class=\"link-more\"><a href=\"http:\/\/cdv69.fr\/index.php\/ecoles-de-sport\/\" class=\"more-link\">Lire la suite de<span class=\"screen-reader-text\">\u00ab\u00a0\u00c9coles de sport\u00a0\u00bb<\/span><\/a><\/p>\n","protected":false},"author":1,"featured_media":0,"parent":0,"menu_order":0,"comment_status":"closed","ping_status":"closed","template":"","meta":{"footnotes":""},"class_list":["post-51","page","type-page","status-publish","hentry"],"_links":{"self":[{"href":"http:\/\/cdv69.fr\/index.php\/wp-json\/wp\/v2\/pages\/51","targetHints":{"allow":["GET"]}}],"collection":[{"href":"http:\/\/cdv69.fr\/index.php\/wp-json\/wp\/v2\/pages"}],"about":[{"href":"http:\/\/cdv69.fr\/index.php\/wp-json\/wp\/v2\/types\/page"}],"author":[{"embeddable":true,"href":"http:\/\/cdv69.fr\/index.php\/wp-json\/wp\/v2\/users\/1"}],"replies":[{"embeddable":true,"href":"http:\/\/cdv69.fr\/index.php\/wp-json\/wp\/v2\/comments?post=51"}],"version-history":[{"count":13,"href":"http:\/\/cdv69.fr\/index.php\/wp-json\/wp\/v2\/pages\/51\/revisions"}],"predecessor-version":[{"id":152,"href":"http:\/\/cdv69.fr\/index.php\/wp-json\/wp\/v2\/pages\/51\/revisions\/152"}],"wp:attachment":[{"href":"http:\/\/cdv69.fr\/index.php\/wp-json\/wp\/v2\/media?parent=51"}],"curies":[{"name":"wp","href":"https:\/\/api.w.org\/{rel}","templated":true}]}}