{"id":47,"date":"2022-07-11T22:01:44","date_gmt":"2022-07-11T20:01:44","guid":{"rendered":"http:\/\/lukawci.cluster031.hosting.ovh.net\/?page_id=47"},"modified":"2022-08-16T19:46:52","modified_gmt":"2022-08-16T17:46:52","slug":"qui-sommes-nous","status":"publish","type":"page","link":"http:\/\/cdv69.fr\/index.php\/qui-sommes-nous\/","title":{"rendered":"Qui sommes-nous ?"},"content":{"rendered":"<table border=\"0\" width=\"850\" cellspacing=\"0\" cellpadding=\"0\">\n<tbody>\n<tr>\n<td colspan=\"2\"><strong>Le comit\u00e9 D\u00e9partemental de Voile M\u00e9tropole de Lyon et Rh\u00f4ne\u00a0 est compos\u00e9 de 15 clubs.<\/strong><br \/>\n<strong>Son objectif est de soutenir les \u00e9coles de sport, en particulier les f\u00e9minines,<br \/>\net d&rsquo;aider \u00e0 l&rsquo;inclusion des personnes en situation de handicap.<\/strong><\/td>\n<\/tr>\n<tr>\n<td><a href=\"https:\/\/www.cyvgl.com\/\" target=\"_blank\" rel=\"noopener\">Cercle Yachting \u00e0 Voile Grand Large<\/a> (69002)<br \/>\n<a href=\"https:\/\/www.cas-lyon.fr\/index.php\/activites?view=activite&amp;layout=edit&amp;id=157\" target=\"_blank\" rel=\"noopener\">GSL Voiles &#8211; CAS Lyon<\/a> (69003)<br \/>\n<a href=\"http:\/\/cv-lyon.over-blog.com\/\" target=\"_blank\" rel=\"noopener\">Cercle \u00e0 Voile Lyon Meyzieu<\/a> (69004)<br \/>\n<a href=\"http:\/\/ycdecines.fr\/\" target=\"_blank\" rel=\"noopener\">Yachting Club D\u00e9cines<\/a> (69005)<br \/>\n<a href=\"https:\/\/ycr-lyon.com\/\" target=\"_blank\" rel=\"noopener\">Yacht Club du Rh\u00f4ne<\/a> (69006)<br \/>\n<a href=\"http:\/\/www.basenautique-pleinair-lacdessapins.fr\/\" target=\"_blank\" rel=\"noopener\">BNPA Lac des Sapins<\/a> (69007)<br \/>\n<a href=\"http:\/\/cnvv.free.fr\/\" target=\"_blank\" rel=\"noopener\">Club Nautique Vaulx en Velin<\/a> (69009)<br \/>\n<a href=\"https:\/\/fr-fr.facebook.com\/PromovoileRVI\/\" target=\"_blank\" rel=\"noopener\">Promovoile RVI<\/a> (69015)<br \/>\n<a href=\"https:\/\/lyonsportmetropole.org\/\" target=\"_blank\" rel=\"noopener\">Lyon Sport M\u00e9tropole<\/a> (69019)<br \/>\n<a href=\"https:\/\/www.grand-largue-lyon.fr\/gol\/public\/\" target=\"_blank\" rel=\"noopener\">Grand Largue<\/a> (69025)<br \/>\n<a href=\"https:\/\/ceylou.com\/wordpress\/\" target=\"_blank\" rel=\"noopener\">Brigantine Yacht Club<\/a> (69031)<br \/>\n<a href=\"https:\/\/www.windfoil-windsurf-meyzieu.fr\/page\/1250980-le-club\" target=\"_blank\" rel=\"noopener\">Windfoil Windsurf Meyzieu<\/a> (69032)<br \/>\n<a href=\"https:\/\/www.meyzieu.fr\/sortir\/sport\/equipements\/la-base-nautique-municipale-meyzieu-grand-large\" target=\"_blank\" rel=\"noopener\">Base Nautique Meyzieu<\/a> (69901)<br \/>\n<a href=\"https:\/\/www.grand-parc.fr\/activites-nautiques\/voile-catamaran-stand-up-paddle-optimist-funboard\" target=\"_blank\" rel=\"noopener\">Grand Parc<\/a> (69902)<br \/>\n<a href=\"https:\/\/www.adn-yachts.com\/\" target=\"_blank\" rel=\"noopener\">ADN Yachting<\/a> (69S01)<\/td>\n<td valign=\"top\"><img loading=\"lazy\" decoding=\"async\" class=\"wp-image-114 aligncenter\" src=\"http:\/\/lukawci.cluster031.hosting.ovh.net\/wp-content\/uploads\/2022\/08\/finale2_0113.jpg\" alt=\"\" width=\"566\" height=\"424\" srcset=\"http:\/\/cdv69.fr\/wp-content\/uploads\/2022\/08\/finale2_0113.jpg 1024w, http:\/\/cdv69.fr\/wp-content\/uploads\/2022\/08\/finale2_0113-300x225.jpg 300w, http:\/\/cdv69.fr\/wp-content\/uploads\/2022\/08\/finale2_0113-768x576.jpg 768w\" sizes=\"auto, (max-width: 566px) 100vw, 566px\" \/><\/td>\n<\/tr>\n<\/tbody>\n<\/table>\n","protected":false},"excerpt":{"rendered":"<p>Le comit\u00e9 D\u00e9partemental de Voile M\u00e9tropole de Lyon et Rh\u00f4ne\u00a0 est compos\u00e9 de 15 clubs. Son objectif est de soutenir les \u00e9coles de sport, en particulier les f\u00e9minines, et d&rsquo;aider \u00e0 l&rsquo;inclusion des personnes en situation de handicap. Cercle Yachting \u00e0 Voile Grand Large (69002) GSL Voiles &#8211; CAS Lyon (69003) Cercle \u00e0 Voile Lyon &hellip; <\/p>\n<p class=\"link-more\"><a href=\"http:\/\/cdv69.fr\/index.php\/qui-sommes-nous\/\" class=\"more-link\">Lire la suite de<span class=\"screen-reader-text\">\u00ab\u00a0Qui sommes-nous ?\u00a0\u00bb<\/span><\/a><\/p>\n","protected":false},"author":1,"featured_media":0,"parent":0,"menu_order":0,"comment_status":"closed","ping_status":"closed","template":"","meta":{"footnotes":""},"class_list":["post-47","page","type-page","status-publish","hentry"],"_links":{"self":[{"href":"http:\/\/cdv69.fr\/index.php\/wp-json\/wp\/v2\/pages\/47","targetHints":{"allow":["GET"]}}],"collection":[{"href":"http:\/\/cdv69.fr\/index.php\/wp-json\/wp\/v2\/pages"}],"about":[{"href":"http:\/\/cdv69.fr\/index.php\/wp-json\/wp\/v2\/types\/page"}],"author":[{"embeddable":true,"href":"http:\/\/cdv69.fr\/index.php\/wp-json\/wp\/v2\/users\/1"}],"replies":[{"embeddable":true,"href":"http:\/\/cdv69.fr\/index.php\/wp-json\/wp\/v2\/comments?post=47"}],"version-history":[{"count":33,"href":"http:\/\/cdv69.fr\/index.php\/wp-json\/wp\/v2\/pages\/47\/revisions"}],"predecessor-version":[{"id":154,"href":"http:\/\/cdv69.fr\/index.php\/wp-json\/wp\/v2\/pages\/47\/revisions\/154"}],"wp:attachment":[{"href":"http:\/\/cdv69.fr\/index.php\/wp-json\/wp\/v2\/media?parent=47"}],"curies":[{"name":"wp","href":"https:\/\/api.w.org\/{rel}","templated":true}]}}